{"id":16455,"date":"2021-11-26T20:18:40","date_gmt":"2021-11-26T20:18:40","guid":{"rendered":"https:\/\/drpabloifran.com\/sobre-mim\/"},"modified":"2025-07-15T14:13:19","modified_gmt":"2025-07-15T14:13:19","slug":"sobre-mim","status":"publish","type":"page","link":"https:\/\/drpabloifran.com\/pt-br\/sobre-mim\/","title":{"rendered":"Sobre mim"},"content":{"rendered":"\t\t<div data-elementor-type=\"wp-page\" data-elementor-id=\"16455\" class=\"elementor elementor-16455 elementor-11812\" data-elementor-post-type=\"page\">\n\t\t\t\t\t\t<section class=\"elementor-section elementor-top-section elementor-element elementor-element-e355a31 elementor-section-full_width elementor-section-height-min-height elementor-section-height-default elementor-section-items-middle\" data-id=\"e355a31\" data-element_type=\"section\" data-e-type=\"section\" data-settings=\"{&quot;background_background&quot;:&quot;classic&quot;}\">\n\t\t\t\t\t\t\t<div class=\"elementor-background-overlay\"><\/div>\n\t\t\t\t\t\t\t<div class=\"elementor-container elementor-column-gap-default\">\n\t\t\t\t\t<div class=\"elementor-column elementor-col-100 elementor-top-column elementor-element elementor-element-ada5b85\" data-id=\"ada5b85\" data-element_type=\"column\" data-e-type=\"column\">\n\t\t\t<div class=\"elementor-widget-wrap elementor-element-populated\">\n\t\t\t\t\t\t\t<\/div>\n\t\t<\/div>\n\t\t\t\t\t<\/div>\n\t\t<\/section>\n\t\t        \t\t<section class=\"elementor-section elementor-top-section elementor-element elementor-element-93f4a71 elementor-section-content-middle elementor-section-boxed elementor-section-height-default elementor-section-height-default\" data-id=\"93f4a71\" data-element_type=\"section\" data-e-type=\"section\">\n\t\t\t\t\t\t<div class=\"elementor-container elementor-column-gap-default\">\n\t\t\t\t\t<div class=\"elementor-column elementor-col-50 elementor-top-column elementor-element elementor-element-e0bff54\" data-id=\"e0bff54\" data-element_type=\"column\" data-e-type=\"column\">\n\t\t\t<div class=\"elementor-widget-wrap elementor-element-populated\">\n\t\t\t\t\t\t<div class=\"elementor-element elementor-element-6abdb21 elementor-widget elementor-widget-text-editor\" data-id=\"6abdb21\" data-element_type=\"widget\" data-e-type=\"widget\" data-widget_type=\"text-editor.default\">\n\t\t\t\t<div class=\"elementor-widget-container\">\n\t\t\t\t\t\t\t\t\t<p>Meu nome \u00e9 <strong>Pablo Ifr\u00e1n<\/strong>, e sou Doutor em Medicina formado pela Faculdade de Medicina da Universidade da Rep\u00fablica (UDELAR). Atualmente, estou no terceiro ano da minha resid\u00eancia em Dermatologia no Hospital de Cl\u00ednicas e estou cursando o Mestrado em Laser em Dermatologia e Est\u00e9tica na Universidade de Barcelona. <\/p><p> <\/p><p>Esta forma\u00e7\u00e3o avan\u00e7ada permite-me especializar-me nas t\u00e9cnicas mais inovadoras da medicina est\u00e9tica.<\/p><p> <\/p><p>Na minha pr\u00e1tica, dedico-me a tratamentos faciais e corporais com recurso a laser e tecnologia injet\u00e1vel, como preenchimentos, toxina botul\u00ednica e massoterapia. Tamb\u00e9m ofere\u00e7o tratamentos capilares e transplante capilar FUE, empregando t\u00e9cnicas de ponta para tratar a queda de cabelo e melhorar a densidade capilar. <\/p><p> <\/p><p>Estou comprometido com a forma\u00e7\u00e3o cont\u00ednua e participo regularmente de cursos e congressos internacionais para me manter atualizado com as \u00faltimas tend\u00eancias e avan\u00e7os em dermatologia est\u00e9tica.<\/p><p> <\/p><p>Para al\u00e9m da minha orienta\u00e7\u00e3o em medicina est\u00e9tica, laser e dermatologia, sou tamb\u00e9m m\u00e9dico de cl\u00ednica geral, o que me permite abordar cada caso numa perspetiva abrangente, respeitando a singularidade e as necessidades espec\u00edficas de cada paciente.<\/p><p> <\/p><p>Presto meus servi\u00e7os em meu consult\u00f3rio particular na \u00e1rea de Pocitos e Punta Gorda, especificamente na cl\u00ednica &#8220;Haz &#8211; Agencia de Desarrollo M\u00e9dico Laser&#8221;. Em ambos os locais, colaboro com uma equipe de profissionais dedicados a cuidar da sa\u00fade e melhorar a apar\u00eancia de nossos pacientes. <\/p><p> <\/p><p>Nossa abordagem \u00e9 baseada em real\u00e7ar a beleza natural e manter a autenticidade, proporcionando excelentes resultados com uma abordagem honesta e confiante.<\/p><p> <\/p><p>Convido voc\u00ea a me conhecer e descobrir como podemos ajud\u00e1-lo a se sentir melhor consigo mesmo, mantendo sua naturalidade e autenticidade.<\/p><p> <\/p><p><strong>Dr. Pablo Ifr\u00e1n<\/strong><\/p>\t\t\t\t\t\t\t\t<\/div>\n\t\t\t\t<\/div>\n\t\t\t\t\t<\/div>\n\t\t<\/div>\n\t\t\t\t<div class=\"elementor-column elementor-col-50 elementor-top-column elementor-element elementor-element-7385740\" data-id=\"7385740\" data-element_type=\"column\" data-e-type=\"column\">\n\t\t\t<div class=\"elementor-widget-wrap elementor-element-populated\">\n\t\t\t\t\t\t<div class=\"elementor-element elementor-element-78e4038 elementor-widget elementor-widget-image\" data-id=\"78e4038\" data-element_type=\"widget\" data-e-type=\"widget\" data-widget_type=\"image.default\">\n\t\t\t\t<div class=\"elementor-widget-container\">\n\t\t\t\t\t\t\t\t\t\t\t\t\t\t\t<img fetchpriority=\"high\" decoding=\"async\" width=\"990\" height=\"1536\" src=\"https:\/\/drpabloifran.com\/wp-content\/uploads\/2024\/06\/DSC_6856-990x1536.webp\" class=\"attachment-1536x1536 size-1536x1536 wp-image-16291\" alt=\"\" srcset=\"https:\/\/drpabloifran.com\/wp-content\/uploads\/2024\/06\/DSC_6856-990x1536.webp 990w, https:\/\/drpabloifran.com\/wp-content\/uploads\/2024\/06\/DSC_6856-193x300.webp 193w, https:\/\/drpabloifran.com\/wp-content\/uploads\/2024\/06\/DSC_6856-660x1024.webp 660w, https:\/\/drpabloifran.com\/wp-content\/uploads\/2024\/06\/DSC_6856-768x1192.webp 768w, https:\/\/drpabloifran.com\/wp-content\/uploads\/2024\/06\/DSC_6856-600x931.webp 600w, https:\/\/drpabloifran.com\/wp-content\/uploads\/2024\/06\/DSC_6856-900x1396.webp 900w, https:\/\/drpabloifran.com\/wp-content\/uploads\/2024\/06\/DSC_6856.webp 1320w\" sizes=\"(max-width: 990px) 100vw, 990px\" \/>\t\t\t\t\t\t\t\t\t\t\t\t\t\t\t<\/div>\n\t\t\t\t<\/div>\n\t\t\t\t<div class=\"elementor-element elementor-element-be59a84 elementor-shape-rounded elementor-grid-0 e-grid-align-center elementor-widget elementor-widget-social-icons\" data-id=\"be59a84\" data-element_type=\"widget\" data-e-type=\"widget\" data-widget_type=\"social-icons.default\">\n\t\t\t\t<div class=\"elementor-widget-container\">\n\t\t\t\t\t\t\t<div class=\"elementor-social-icons-wrapper elementor-grid\" role=\"list\">\n\t\t\t\t\t\t\t<span class=\"elementor-grid-item\" role=\"listitem\">\n\t\t\t\t\t<a class=\"elementor-icon elementor-social-icon elementor-social-icon-linkedin elementor-animation-pulse elementor-repeater-item-372b743\" href=\"https:\/\/uy.linkedin.com\/in\/pablo-ifr\u00e1n-casaravilla-908895120\" target=\"_blank\">\n\t\t\t\t\t\t<span class=\"elementor-screen-only\">Linkedin<\/span>\n\t\t\t\t\t\t<i aria-hidden=\"true\" class=\"fab fa-linkedin\"><\/i>\t\t\t\t\t<\/a>\n\t\t\t\t<\/span>\n\t\t\t\t\t\t\t<span class=\"elementor-grid-item\" role=\"listitem\">\n\t\t\t\t\t<a class=\"elementor-icon elementor-social-icon elementor-social-icon-facebook elementor-animation-pulse elementor-repeater-item-3f0e251\" href=\"https:\/\/facebook.com\/drpabloifran\/\" target=\"_blank\">\n\t\t\t\t\t\t<span class=\"elementor-screen-only\">Facebook<\/span>\n\t\t\t\t\t\t<i aria-hidden=\"true\" class=\"fab fa-facebook\"><\/i>\t\t\t\t\t<\/a>\n\t\t\t\t<\/span>\n\t\t\t\t\t\t\t<span class=\"elementor-grid-item\" role=\"listitem\">\n\t\t\t\t\t<a class=\"elementor-icon elementor-social-icon elementor-social-icon-instagram elementor-animation-pulse elementor-repeater-item-59603d4\" href=\"https:\/\/instagram.com\/drpabloifran\" target=\"_blank\">\n\t\t\t\t\t\t<span class=\"elementor-screen-only\">Instagram<\/span>\n\t\t\t\t\t\t<i aria-hidden=\"true\" class=\"fab fa-instagram\"><\/i>\t\t\t\t\t<\/a>\n\t\t\t\t<\/span>\n\t\t\t\t\t<\/div>\n\t\t\t\t\t\t<\/div>\n\t\t\t\t<\/div>\n\t\t\t\t\t<\/div>\n\t\t<\/div>\n\t\t\t\t\t<\/div>\n\t\t<\/section>\n\t\t        \t\t<section class=\"elementor-section elementor-top-section elementor-element elementor-element-bd92020 elementor-section-boxed elementor-section-height-default elementor-section-height-default\" data-id=\"bd92020\" data-element_type=\"section\" data-e-type=\"section\">\n\t\t\t\t\t\t<div class=\"elementor-container elementor-column-gap-default\">\n\t\t\t\t\t<div class=\"elementor-column elementor-col-100 elementor-top-column elementor-element elementor-element-6471c88\" data-id=\"6471c88\" data-element_type=\"column\" data-e-type=\"column\">\n\t\t\t<div class=\"elementor-widget-wrap elementor-element-populated\">\n\t\t\t\t\t\t<div class=\"elementor-element elementor-element-826fa44 elementor-widget elementor-widget-text-editor\" data-id=\"826fa44\" data-element_type=\"widget\" data-e-type=\"widget\" data-widget_type=\"text-editor.default\">\n\t\t\t\t<div class=\"elementor-widget-container\">\n\t\t\t\t\t\t\t\t\t<ul><li>Membro da Sociedade Uruguaia de Dermatologia <a href=\"https:\/\/sdu.org.uy\/\">(SDU)<\/a><\/li><li>Secret\u00e1rio da Sociedade Uruguaia de Tricologia e Cirurgia de Implantes Capilares (SUTCIC)<\/li><li>Membro da Sociedade Internacional de Cirurgia de Restaura\u00e7\u00e3o Capilar <a href=\"https:\/\/ishrs.org\">(ISHRS)<\/a><\/li><li>Membro M\u00e9dico da HAZ &#8211; Laser Medical Development Agency <a href=\"https:\/\/hazmedicolaser.com\">(HAZ)<\/a><\/li><\/ul>\t\t\t\t\t\t\t\t<\/div>\n\t\t\t\t<\/div>\n\t\t\t\t\t<\/div>\n\t\t<\/div>\n\t\t\t\t\t<\/div>\n\t\t<\/section>\n\t\t        \t\t<section class=\"elementor-section elementor-top-section elementor-element elementor-element-e168abb elementor-section-boxed elementor-section-height-default elementor-section-height-default\" data-id=\"e168abb\" data-element_type=\"section\" data-e-type=\"section\">\n\t\t\t\t\t\t<div class=\"elementor-container elementor-column-gap-default\">\n\t\t\t\t\t<div class=\"elementor-column elementor-col-100 elementor-top-column elementor-element elementor-element-368ee74\" data-id=\"368ee74\" data-element_type=\"column\" data-e-type=\"column\">\n\t\t\t<div class=\"elementor-widget-wrap\">\n\t\t\t\t\t\t\t<\/div>\n\t\t<\/div>\n\t\t\t\t\t<\/div>\n\t\t<\/section>\n\t\t        \t\t<section class=\"elementor-section elementor-top-section elementor-element elementor-element-a774e4d elementor-section-boxed elementor-section-height-default elementor-section-height-default\" data-id=\"a774e4d\" data-element_type=\"section\" data-e-type=\"section\">\n\t\t\t\t\t\t<div class=\"elementor-container elementor-column-gap-default\">\n\t\t\t\t\t<div class=\"elementor-column elementor-col-100 elementor-top-column elementor-element elementor-element-3e14ce7\" data-id=\"3e14ce7\" data-element_type=\"column\" data-e-type=\"column\">\n\t\t\t<div class=\"elementor-widget-wrap elementor-element-populated\">\n\t\t\t\t\t\t<div class=\"elementor-element elementor-element-0644ff5 elementor-widget elementor-widget-heading\" data-id=\"0644ff5\" data-element_type=\"widget\" data-e-type=\"widget\" data-widget_type=\"heading.default\">\n\t\t\t\t<div class=\"elementor-widget-container\">\n\t\t\t\t\t<h2 class=\"elementor-heading-title elementor-size-default\">Verifique o seu tratamento aqui:<\/h2>\t\t\t\t<\/div>\n\t\t\t\t<\/div>\n\t\t\t\t\t<\/div>\n\t\t<\/div>\n\t\t\t\t\t<\/div>\n\t\t<\/section>\n\t\t        \t\t<section class=\"elementor-section elementor-top-section elementor-element elementor-element-c322739 elementor-section-boxed elementor-section-height-default elementor-section-height-default\" data-id=\"c322739\" data-element_type=\"section\" data-e-type=\"section\">\n\t\t\t\t\t\t<div class=\"elementor-container elementor-column-gap-default\">\n\t\t\t\t\t<div class=\"elementor-column elementor-col-100 elementor-top-column elementor-element elementor-element-1df25c4\" data-id=\"1df25c4\" data-element_type=\"column\" data-e-type=\"column\">\n\t\t\t<div class=\"elementor-widget-wrap elementor-element-populated\">\n\t\t\t\t\t\t<div class=\"elementor-element elementor-element-1549e50 elementor-align-center elementor-widget elementor-widget-button\" data-id=\"1549e50\" data-element_type=\"widget\" data-e-type=\"widget\" data-widget_type=\"button.default\">\n\t\t\t\t<div class=\"elementor-widget-container\">\n\t\t\t\t\t\t\t\t\t<div class=\"elementor-button-wrapper\">\n\t\t\t\t\t<a class=\"elementor-button elementor-button-link elementor-size-md\" href=\"https:\/\/wa.link\/j4501b\">\n\t\t\t\t\t\t<span class=\"elementor-button-content-wrapper\">\n\t\t\t\t\t\t<span class=\"elementor-button-icon\">\n\t\t\t\t<i aria-hidden=\"true\" class=\"fab fa-whatsapp\"><\/i>\t\t\t<\/span>\n\t\t\t\t\t\t\t\t\t<span class=\"elementor-button-text\">Linkedin  <\/span>\n\t\t\t\t\t<\/span>\n\t\t\t\t\t<\/a>\n\t\t\t\t<\/div>\n\t\t\t\t\t\t\t\t<\/div>\n\t\t\t\t<\/div>\n\t\t\t\t\t<\/div>\n\t\t<\/div>\n\t\t\t\t\t<\/div>\n\t\t<\/section>\n\t\t        \t\t<\/div>\n\t\t","protected":false},"excerpt":{"rendered":"<p>Meu nome \u00e9 Pablo Ifr\u00e1n, e sou Doutor em Medicina formado pela Faculdade de Medicina da Universidade da Rep\u00fablica (UDELAR). Atualmente, estou no terceiro ano da minha resid\u00eancia em Dermatologia no Hospital de Cl\u00ednicas e estou cursando o Mestrado em Laser em Dermatologia e Est\u00e9tica na Universidade de Barcelona. Esta forma\u00e7\u00e3o avan\u00e7ada permite-me especializar-me nas [&hellip;]<\/p>\n","protected":false},"author":1,"featured_media":16291,"parent":0,"menu_order":0,"comment_status":"closed","ping_status":"closed","template":"","meta":{"footnotes":""},"class_list":["post-16455","page","type-page","status-publish","has-post-thumbnail","hentry"],"yoast_head":"<!-- This site is optimized with the Yoast SEO plugin v26.9 - https:\/\/yoast.com\/product\/yoast-seo-wordpress\/ -->\n<title>Sobre mim - Dr. Pablo Ifr\u00e1n<\/title>\n<meta name=\"robots\" content=\"index, follow, max-snippet:-1, max-image-preview:large, max-video-preview:-1\" \/>\n<link rel=\"canonical\" href=\"https:\/\/drpabloifran.com\/pt-br\/sobre-mim\/\" \/>\n<meta property=\"og:locale\" content=\"pt_BR\" \/>\n<meta property=\"og:type\" content=\"article\" \/>\n<meta property=\"og:title\" content=\"Sobre mim - Dr. Pablo Ifr\u00e1n\" \/>\n<meta property=\"og:description\" content=\"Meu nome \u00e9 Pablo Ifr\u00e1n, e sou Doutor em Medicina formado pela Faculdade de Medicina da Universidade da Rep\u00fablica (UDELAR). Atualmente, estou no terceiro ano da minha resid\u00eancia em Dermatologia no Hospital de Cl\u00ednicas e estou cursando o Mestrado em Laser em Dermatologia e Est\u00e9tica na Universidade de Barcelona. Esta forma\u00e7\u00e3o avan\u00e7ada permite-me especializar-me nas [&hellip;]\" \/>\n<meta property=\"og:url\" content=\"https:\/\/drpabloifran.com\/pt-br\/sobre-mim\/\" \/>\n<meta property=\"og:site_name\" content=\"Dr. Pablo Ifr\u00e1n\" \/>\n<meta property=\"article:publisher\" content=\"https:\/\/facebook.com\/drpabloifran\" \/>\n<meta property=\"article:modified_time\" content=\"2025-07-15T14:13:19+00:00\" \/>\n<meta property=\"og:image\" content=\"https:\/\/drpabloifran.com\/wp-content\/uploads\/2024\/06\/DSC_6856.webp\" \/>\n\t<meta property=\"og:image:width\" content=\"1320\" \/>\n\t<meta property=\"og:image:height\" content=\"2048\" \/>\n\t<meta property=\"og:image:type\" content=\"image\/webp\" \/>\n<meta name=\"twitter:card\" content=\"summary_large_image\" \/>\n<meta name=\"twitter:label1\" content=\"Est. tempo de leitura\" \/>\n\t<meta name=\"twitter:data1\" content=\"2 minutos\" \/>\n<script type=\"application\/ld+json\" class=\"yoast-schema-graph\">{\"@context\":\"https:\/\/schema.org\",\"@graph\":[{\"@type\":\"WebPage\",\"@id\":\"https:\/\/drpabloifran.com\/pt-br\/sobre-mim\/\",\"url\":\"https:\/\/drpabloifran.com\/pt-br\/sobre-mim\/\",\"name\":\"Sobre mim - Dr. Pablo Ifr\u00e1n\",\"isPartOf\":{\"@id\":\"https:\/\/drpabloifran.com\/pt-br\/#website\"},\"primaryImageOfPage\":{\"@id\":\"https:\/\/drpabloifran.com\/pt-br\/sobre-mim\/#primaryimage\"},\"image\":{\"@id\":\"https:\/\/drpabloifran.com\/pt-br\/sobre-mim\/#primaryimage\"},\"thumbnailUrl\":\"https:\/\/drpabloifran.com\/wp-content\/uploads\/2024\/06\/DSC_6856.webp\",\"datePublished\":\"2021-11-26T20:18:40+00:00\",\"dateModified\":\"2025-07-15T14:13:19+00:00\",\"breadcrumb\":{\"@id\":\"https:\/\/drpabloifran.com\/pt-br\/sobre-mim\/#breadcrumb\"},\"inLanguage\":\"pt-BR\",\"potentialAction\":[{\"@type\":\"ReadAction\",\"target\":[\"https:\/\/drpabloifran.com\/pt-br\/sobre-mim\/\"]}]},{\"@type\":\"ImageObject\",\"inLanguage\":\"pt-BR\",\"@id\":\"https:\/\/drpabloifran.com\/pt-br\/sobre-mim\/#primaryimage\",\"url\":\"https:\/\/drpabloifran.com\/wp-content\/uploads\/2024\/06\/DSC_6856.webp\",\"contentUrl\":\"https:\/\/drpabloifran.com\/wp-content\/uploads\/2024\/06\/DSC_6856.webp\",\"width\":1320,\"height\":2048},{\"@type\":\"BreadcrumbList\",\"@id\":\"https:\/\/drpabloifran.com\/pt-br\/sobre-mim\/#breadcrumb\",\"itemListElement\":[{\"@type\":\"ListItem\",\"position\":1,\"name\":\"Portada\",\"item\":\"https:\/\/drpabloifran.com\/pt-br\/principio\/\"},{\"@type\":\"ListItem\",\"position\":2,\"name\":\"Sobre mim\"}]},{\"@type\":\"WebSite\",\"@id\":\"https:\/\/drpabloifran.com\/pt-br\/#website\",\"url\":\"https:\/\/drpabloifran.com\/pt-br\/\",\"name\":\"Dr. Pablo Ifr\u00e1n\",\"description\":\"Medicina est\u00e9tica avanzada\",\"publisher\":{\"@id\":\"https:\/\/drpabloifran.com\/pt-br\/#organization\"},\"potentialAction\":[{\"@type\":\"SearchAction\",\"target\":{\"@type\":\"EntryPoint\",\"urlTemplate\":\"https:\/\/drpabloifran.com\/pt-br\/?s={search_term_string}\"},\"query-input\":{\"@type\":\"PropertyValueSpecification\",\"valueRequired\":true,\"valueName\":\"search_term_string\"}}],\"inLanguage\":\"pt-BR\"},{\"@type\":\"Organization\",\"@id\":\"https:\/\/drpabloifran.com\/pt-br\/#organization\",\"name\":\"Dr. Pablo Ifr\u00e1n\",\"url\":\"https:\/\/drpabloifran.com\/pt-br\/\",\"logo\":{\"@type\":\"ImageObject\",\"inLanguage\":\"pt-BR\",\"@id\":\"https:\/\/drpabloifran.com\/pt-br\/#\/schema\/logo\/image\/\",\"url\":\"https:\/\/drpabloifran.com\/wp-content\/uploads\/2026\/02\/2.png\",\"contentUrl\":\"https:\/\/drpabloifran.com\/wp-content\/uploads\/2026\/02\/2.png\",\"width\":500,\"height\":500,\"caption\":\"Dr. Pablo Ifr\u00e1n\"},\"image\":{\"@id\":\"https:\/\/drpabloifran.com\/pt-br\/#\/schema\/logo\/image\/\"},\"sameAs\":[\"https:\/\/facebook.com\/drpabloifran\",\"https:\/\/instagram.com\/drpabloifran\"]}]}<\/script>\n<!-- \/ Yoast SEO plugin. -->","yoast_head_json":{"title":"Sobre mim - Dr. Pablo Ifr\u00e1n","robots":{"index":"index","follow":"follow","max-snippet":"max-snippet:-1","max-image-preview":"max-image-preview:large","max-video-preview":"max-video-preview:-1"},"canonical":"https:\/\/drpabloifran.com\/pt-br\/sobre-mim\/","og_locale":"pt_BR","og_type":"article","og_title":"Sobre mim - Dr. Pablo Ifr\u00e1n","og_description":"Meu nome \u00e9 Pablo Ifr\u00e1n, e sou Doutor em Medicina formado pela Faculdade de Medicina da Universidade da Rep\u00fablica (UDELAR). Atualmente, estou no terceiro ano da minha resid\u00eancia em Dermatologia no Hospital de Cl\u00ednicas e estou cursando o Mestrado em Laser em Dermatologia e Est\u00e9tica na Universidade de Barcelona. Esta forma\u00e7\u00e3o avan\u00e7ada permite-me especializar-me nas [&hellip;]","og_url":"https:\/\/drpabloifran.com\/pt-br\/sobre-mim\/","og_site_name":"Dr. Pablo Ifr\u00e1n","article_publisher":"https:\/\/facebook.com\/drpabloifran","article_modified_time":"2025-07-15T14:13:19+00:00","og_image":[{"width":1320,"height":2048,"url":"https:\/\/drpabloifran.com\/wp-content\/uploads\/2024\/06\/DSC_6856.webp","type":"image\/webp"}],"twitter_card":"summary_large_image","twitter_misc":{"Est. tempo de leitura":"2 minutos"},"schema":{"@context":"https:\/\/schema.org","@graph":[{"@type":"WebPage","@id":"https:\/\/drpabloifran.com\/pt-br\/sobre-mim\/","url":"https:\/\/drpabloifran.com\/pt-br\/sobre-mim\/","name":"Sobre mim - Dr. Pablo Ifr\u00e1n","isPartOf":{"@id":"https:\/\/drpabloifran.com\/pt-br\/#website"},"primaryImageOfPage":{"@id":"https:\/\/drpabloifran.com\/pt-br\/sobre-mim\/#primaryimage"},"image":{"@id":"https:\/\/drpabloifran.com\/pt-br\/sobre-mim\/#primaryimage"},"thumbnailUrl":"https:\/\/drpabloifran.com\/wp-content\/uploads\/2024\/06\/DSC_6856.webp","datePublished":"2021-11-26T20:18:40+00:00","dateModified":"2025-07-15T14:13:19+00:00","breadcrumb":{"@id":"https:\/\/drpabloifran.com\/pt-br\/sobre-mim\/#breadcrumb"},"inLanguage":"pt-BR","potentialAction":[{"@type":"ReadAction","target":["https:\/\/drpabloifran.com\/pt-br\/sobre-mim\/"]}]},{"@type":"ImageObject","inLanguage":"pt-BR","@id":"https:\/\/drpabloifran.com\/pt-br\/sobre-mim\/#primaryimage","url":"https:\/\/drpabloifran.com\/wp-content\/uploads\/2024\/06\/DSC_6856.webp","contentUrl":"https:\/\/drpabloifran.com\/wp-content\/uploads\/2024\/06\/DSC_6856.webp","width":1320,"height":2048},{"@type":"BreadcrumbList","@id":"https:\/\/drpabloifran.com\/pt-br\/sobre-mim\/#breadcrumb","itemListElement":[{"@type":"ListItem","position":1,"name":"Portada","item":"https:\/\/drpabloifran.com\/pt-br\/principio\/"},{"@type":"ListItem","position":2,"name":"Sobre mim"}]},{"@type":"WebSite","@id":"https:\/\/drpabloifran.com\/pt-br\/#website","url":"https:\/\/drpabloifran.com\/pt-br\/","name":"Dr. Pablo Ifr\u00e1n","description":"Medicina est\u00e9tica avanzada","publisher":{"@id":"https:\/\/drpabloifran.com\/pt-br\/#organization"},"potentialAction":[{"@type":"SearchAction","target":{"@type":"EntryPoint","urlTemplate":"https:\/\/drpabloifran.com\/pt-br\/?s={search_term_string}"},"query-input":{"@type":"PropertyValueSpecification","valueRequired":true,"valueName":"search_term_string"}}],"inLanguage":"pt-BR"},{"@type":"Organization","@id":"https:\/\/drpabloifran.com\/pt-br\/#organization","name":"Dr. Pablo Ifr\u00e1n","url":"https:\/\/drpabloifran.com\/pt-br\/","logo":{"@type":"ImageObject","inLanguage":"pt-BR","@id":"https:\/\/drpabloifran.com\/pt-br\/#\/schema\/logo\/image\/","url":"https:\/\/drpabloifran.com\/wp-content\/uploads\/2026\/02\/2.png","contentUrl":"https:\/\/drpabloifran.com\/wp-content\/uploads\/2026\/02\/2.png","width":500,"height":500,"caption":"Dr. Pablo Ifr\u00e1n"},"image":{"@id":"https:\/\/drpabloifran.com\/pt-br\/#\/schema\/logo\/image\/"},"sameAs":["https:\/\/facebook.com\/drpabloifran","https:\/\/instagram.com\/drpabloifran"]}]}},"_links":{"self":[{"href":"https:\/\/drpabloifran.com\/pt-br\/wp-json\/wp\/v2\/pages\/16455","targetHints":{"allow":["GET"]}}],"collection":[{"href":"https:\/\/drpabloifran.com\/pt-br\/wp-json\/wp\/v2\/pages"}],"about":[{"href":"https:\/\/drpabloifran.com\/pt-br\/wp-json\/wp\/v2\/types\/page"}],"author":[{"embeddable":true,"href":"https:\/\/drpabloifran.com\/pt-br\/wp-json\/wp\/v2\/users\/1"}],"replies":[{"embeddable":true,"href":"https:\/\/drpabloifran.com\/pt-br\/wp-json\/wp\/v2\/comments?post=16455"}],"version-history":[{"count":1,"href":"https:\/\/drpabloifran.com\/pt-br\/wp-json\/wp\/v2\/pages\/16455\/revisions"}],"predecessor-version":[{"id":16456,"href":"https:\/\/drpabloifran.com\/pt-br\/wp-json\/wp\/v2\/pages\/16455\/revisions\/16456"}],"wp:featuredmedia":[{"embeddable":true,"href":"https:\/\/drpabloifran.com\/pt-br\/wp-json\/wp\/v2\/media\/16291"}],"wp:attachment":[{"href":"https:\/\/drpabloifran.com\/pt-br\/wp-json\/wp\/v2\/media?parent=16455"}],"curies":[{"name":"wp","href":"https:\/\/api.w.org\/{rel}","templated":true}]}}